{"id":666,"date":"2023-05-01T01:16:38","date_gmt":"2023-05-01T01:16:38","guid":{"rendered":"https:\/\/pangamediaanalytics.com\/es\/?page_id=666"},"modified":"2023-05-25T23:35:58","modified_gmt":"2023-05-25T23:35:58","slug":"blog-es","status":"publish","type":"page","link":"https:\/\/pangamediaanalytics.com\/es\/blog-es\/","title":{"rendered":"blog-es"},"content":{"rendered":"[vc_row ct_row_stretch=&#8221;&#8221;][vc_column]<div class=\"ult-spacer spacer-69f0601a06db6\" data-id=\"69f0601a06db6\" data-height=\"80\" data-height-mobile=\"50\" data-height-tab=\"\" data-height-tab-portrait=\"\" data-height-mobile-landscape=\"50\" style=\"clear:both;display:block;\"><\/div><div id=\"ultimate-heading-360569f0601a06dda\" class=\"uvc-heading ult-adjust-bottom-margin ultimate-heading-360569f0601a06dda uvc-3989 \" data-hspacer=\"no_spacer\"  data-halign=\"center\" style=\"text-align:center\"><div class=\"uvc-heading-spacer no_spacer\" style=\"top\"><\/div><div class=\"uvc-main-heading ult-responsive\"  data-ultimate-target='.uvc-heading.ultimate-heading-360569f0601a06dda h2'  data-responsive-json-new='{\"font-size\":\"\",\"line-height\":\"\"}' ><h2 style=\"font-weight:normal;\">Panga Media Analytics blog<\/h2><\/div><\/div><div class=\"ult-spacer spacer-69f0601a06df8\" data-id=\"69f0601a06df8\" data-height=\"45\" data-height-mobile=\"15\" data-height-tab=\"\" data-height-tab-portrait=\"\" data-height-mobile-landscape=\"15\" style=\"clear:both;display:block;\"><\/div><div class=\"crane-blog-widget crane-blog-layout-cell crane-column-2\" data-params=\"{&quot;layout&quot;:&quot;cell&quot;,&quot;image_resolution&quot;:&quot;crane-related&quot;,&quot;show_title_description&quot;:&quot;true&quot;,&quot;show_tags&quot;:&quot;&quot;,&quot;show_excerpt&quot;:&quot;true&quot;,&quot;excerpt_strip_html&quot;:&quot;true&quot;,&quot;excerpt_height&quot;:&quot;180&quot;,&quot;show_read_more&quot;:&quot;&quot;,&quot;blog_cell_item_bg_color&quot;:&quot;#f8f7f5&quot;,&quot;grid_spacing&quot;:&quot;100&quot;,&quot;columns_cell&quot;:&quot;2&quot;,&quot;max_width&quot;:&quot;768&quot;,&quot;post_height_desktop&quot;:&quot;300&quot;,&quot;post_height_mobile&quot;:&quot;300&quot;,&quot;posts_limit&quot;:&quot;0&quot;,&quot;author&quot;:&quot;&quot;,&quot;category&quot;:&quot;&quot;,&quot;tag&quot;:&quot;&quot;,&quot;order&quot;:&quot;DESC&quot;,&quot;orderby&quot;:&quot;post_date&quot;,&quot;show_custom_order&quot;:&quot;true&quot;,&quot;include_sticky_blog_posts&quot;:&quot;true&quot;,&quot;target&quot;:&quot;same&quot;,&quot;style&quot;:&quot;corporate&quot;,&quot;hover_type&quot;:&quot;standard&quot;,&quot;hover_gradient__from&quot;:&quot;#7ad4f1&quot;,&quot;hover_gradient__to&quot;:&quot;#cef17a&quot;,&quot;img_proportion&quot;:&quot;1x1&quot;,&quot;show_pubdate&quot;:true,&quot;show_author&quot;:true,&quot;show_cats&quot;:true,&quot;show_comment_link&quot;:false,&quot;show_share_button&quot;:false,&quot;show_post_meta&quot;:&quot;author-and-date&quot;,&quot;columns&quot;:4}\"><div class=\"crane-blog-grid loading\"><div class=\"crane-blog-grid-sizer\"><\/div><div id=\"post-730\" class=\"crane-blog-grid-item post-730 post type-post status-publish format-standard has-post-thumbnail hentry category-estadisticas tag-busqueda tag-busqueda-de-agencia tag-clasificacion-de-busqueda tag-clasificacion-de-imagenes tag-clasificacion-de-palabras-clave tag-imagen tag-microstock tag-palabra-clave tag-posicion tag-posicion-de-busqueda\">\n\t<div class=\"crane-blog-grid-item-wrapper\">\n\n\t\t\t\t\t<div class=\"crane-blog-grid-item-placeholder\" style=\"background-image: url('https:\/\/pangamediaanalytics.com\/es\/wp-content\/uploads\/sites\/3\/2023\/06\/image_tracking_featured-e1687809971624-600x400.jpg');\">\n\t\t\t\t<a href=\"https:\/\/pangamediaanalytics.com\/es\/ranking-de-busqueda-de-medios\/\"><\/a>\n\t\t\t<\/div>\n\t\t\t\n\t\t\t<div class=\"crane-blog-grid-meta\">\n\t\t<h4 class=\"crane-blog-grid-meta__title\"><a href=\"https:\/\/pangamediaanalytics.com\/es\/ranking-de-busqueda-de-medios\/\" rel=\"bookmark\"  class=\"blog-masonry__item__title\">Clasificaci\u00f3n de b\u00fasqueda de media de Microstock<\/a><\/h4>\t\t<div class=\"crane-blog-grid-meta__excerpt\">\n\t\t\t[vc_row ct_row_stretch=&#8221;&#8221;][vc_column][vc_column_text]Metadato: palabras clave, t\u00edtulos e incluso subt\u00edtulos o descripciones. Es el dolor de cabeza para cada microstocker (y muchas otras profesiones). Pero le han pagado con un media con un posici\u00f3n bueno en el ranking despu\u00e9s de hacer todo este trabajo. \u00bfQu\u00e9 sucede con el ranking de b\u00fasqueda de medios a lo largo del\t\t<\/div>\n\t\t\t<\/div>\n\n\t<\/div>\n<\/div>\n<div id=\"post-718\" class=\"crane-blog-grid-item post-718 post type-post status-publish format-standard has-post-thumbnail hentry category-microstock-agencias tag-adobestock tag-aumento tag-estadisticas tag-existencias tag-fotografia tag-microstock tag-portafolio tag-tipos-de-ventas tag-ventas tag-video\">\n\t<div class=\"crane-blog-grid-item-wrapper\">\n\n\t\t\t\t\t<div class=\"crane-blog-grid-item-placeholder\" style=\"background-image: url('https:\/\/pangamediaanalytics.com\/es\/wp-content\/uploads\/sites\/3\/2023\/05\/adobe-stock-icon-logo-9892216A0D-seeklogo.com_.png');\">\n\t\t\t\t<a href=\"https:\/\/pangamediaanalytics.com\/es\/adobestock-se-convirte-en-la-agencia-con-la-mayor-ganancia\/\"><\/a>\n\t\t\t<\/div>\n\t\t\t\n\t\t\t<div class=\"crane-blog-grid-meta\">\n\t\t<h4 class=\"crane-blog-grid-meta__title\"><a href=\"https:\/\/pangamediaanalytics.com\/es\/adobestock-se-convirte-en-la-agencia-con-la-mayor-ganancia\/\" rel=\"bookmark\"  class=\"blog-masonry__item__title\">Aumento de los ingresos de Adobestock<\/a><\/h4>\t\t<div class=\"crane-blog-grid-meta__excerpt\">\n\t\t\t[vc_row ct_row_stretch=&#8221;&#8221;][vc_column][vc_column_text]En el \u00faltimo a\u00f1o, Adobestock ha tenido un desempe\u00f1o cada vez mejor. Tanto las ventas de videos como las de fotos muestran un aumento mes a mes. En consecuencia, Adobestock se convirte en la agencia con la mayor ganancia para algunas personas. Sin embargo, no todo el mundo cuenta la misma historia; lo m\u00e1s\t\t<\/div>\n\t\t\t<\/div>\n\n\t<\/div>\n<\/div>\n<div id=\"post-689\" class=\"crane-blog-grid-item crane-blog-grid-item-alt post-689 post type-post status-publish format-standard has-post-thumbnail hentry category-microstock-agencias tag-agencia tag-agencias tag-analisis tag-aplicacion tag-aplicacion-de-terceros tag-comparacion tag-herramienta tag-microstock tag-microstockanalytics tag-microstockr tag-pangamedia-analytics tag-servicio tag-stockperformer tag-sustituto tag-tercero\">\n\t<div class=\"crane-blog-grid-item-wrapper\">\n\t\t\t<div class=\"crane-blog-grid-meta\">\n\t\t<h4 class=\"crane-blog-grid-meta__title\"><a href=\"https:\/\/pangamediaanalytics.com\/es\/una-comparacion-de-aplicaciones-terceros-de-analisis-de-microstock\/\" rel=\"bookmark\"  class=\"blog-masonry__item__title\">Una comparaci\u00f3n de aplicaciones terceros de an\u00e1lisis de microstock<\/a><\/h4>\t\t<div class=\"crane-blog-grid-meta__excerpt\">\n\t\t\t[vc_row ct_row_stretch=&#8221;&#8221;][vc_column][vc_column_text]\u00bfCansado de visitar el tablero de cada agencia solo para verificar sus ganancias? Ah\u00ed las aplicaciones de terceros son \u00fatiles. Esas aplicaciones verifican sus ganancias de microstock autom\u00e1ticamente y, a menudo, tienen funciones adicionales para analizar esas ganancias. La desventaja es, por supuesto, que normalmente tienes que pagar por ellos. En este blog, compararemos\t\t<\/div>\n\t\t\t<\/div>\n\t\t\t<div class=\"crane-blog-grid-item-placeholder\" style=\"background-image: url('https:\/\/pangamediaanalytics.com\/es\/wp-content\/uploads\/sites\/3\/2023\/05\/blog-comparison-386x400.png');\">\n\t\t\t\t<a href=\"https:\/\/pangamediaanalytics.com\/es\/una-comparacion-de-aplicaciones-terceros-de-analisis-de-microstock\/\"><\/a>\n\t\t\t<\/div>\n\t\t\t\t<\/div>\n<\/div>\n<div id=\"post-685\" class=\"crane-blog-grid-item crane-blog-grid-item-alt post-685 post type-post status-publish format-standard has-post-thumbnail hentry category-estadisticas tag-analisis tag-calculos tag-cartera tag-estado-de-la-cartera tag-estado-de-la-portafolio tag-microstock tag-panga-media tag-portafolio\">\n\t<div class=\"crane-blog-grid-item-wrapper\">\n\t\t\t<div class=\"crane-blog-grid-meta\">\n\t\t<h4 class=\"crane-blog-grid-meta__title\"><a href=\"https:\/\/pangamediaanalytics.com\/es\/estado-portafolio-microstock-pangamedia-analytics\/\" rel=\"bookmark\"  class=\"blog-masonry__item__title\">Portfolio health<\/a><\/h4>\t\t<div class=\"crane-blog-grid-meta__excerpt\">\n\t\t\t[vc_row ct_row_stretch=&#8221;&#8221;][vc_column][vc_custom_heading text=&#8221;\u00bfQu\u00e9 es Portfolio Health y c\u00f3mo calcularlo?&#8221; font_container=&#8221;tag:h4|text_align:left&#8221;][vc_single_image image=&#8221;684&#8243; img_size=&#8221;medium&#8221; add_caption=&#8221;yes&#8221; alignment=&#8221;center&#8221; style=&#8221;vc_box_rounded&#8221;][vc_single_image image=&#8221;683&#8243; img_size=&#8221;large&#8221; add_caption=&#8221;yes&#8221; alignment=&#8221;center&#8221; style=&#8221;vc_box_rounded&#8221; onclick=&#8221;link_image&#8221;][vc_custom_heading text=&#8221;Unique Assets &#8211; yet another method&#8221; font_container=&#8221;tag:h4|text_align:left&#8221;][\/vc_column][\/vc_row]\t\t<\/div>\n\t\t\t<\/div>\n\t\t\t<div class=\"crane-blog-grid-item-placeholder\" style=\"background-image: url('https:\/\/pangamediaanalytics.com\/es\/wp-content\/uploads\/sites\/3\/2023\/05\/blog_portfoliohealth-1-600x400.jpg');\">\n\t\t\t\t<a href=\"https:\/\/pangamediaanalytics.com\/es\/estado-portafolio-microstock-pangamedia-analytics\/\"><\/a>\n\t\t\t<\/div>\n\t\t\t\t<\/div>\n<\/div>\n<div id=\"post-678\" class=\"crane-blog-grid-item post-678 post type-post status-publish format-standard has-post-thumbnail hentry category-estadisticas tag-analisis tag-calculos tag-estadisticas tag-ingresos-por-descarga tag-ingresos-por-imagen tag-microstock tag-ps tag-rpd tag-rpi tag-tamano-de-la-cartera\">\n\t<div class=\"crane-blog-grid-item-wrapper\">\n\n\t\t\t\t\t<div class=\"crane-blog-grid-item-placeholder\" style=\"background-image: url('https:\/\/pangamediaanalytics.com\/es\/wp-content\/uploads\/sites\/3\/2023\/05\/blog-rpirpd-1-402x400.png');\">\n\t\t\t\t<a href=\"https:\/\/pangamediaanalytics.com\/es\/rpi-rpd-estadisticas-microstock-pangamedia-analytics\/\"><\/a>\n\t\t\t<\/div>\n\t\t\t\n\t\t\t<div class=\"crane-blog-grid-meta\">\n\t\t<h4 class=\"crane-blog-grid-meta__title\"><a href=\"https:\/\/pangamediaanalytics.com\/es\/rpi-rpd-estadisticas-microstock-pangamedia-analytics\/\" rel=\"bookmark\"  class=\"blog-masonry__item__title\">RPI &#038; RPD: las estad\u00edsticas doradas del microstock<\/a><\/h4>\t\t<div class=\"crane-blog-grid-meta__excerpt\">\n\t\t\t[vc_row ct_row_stretch=&#8221;&#8221;][vc_column][vc_custom_heading text=&#8221;Como calcular RPI \/ RPD \/ PS&#8221; font_container=&#8221;tag:h3|text_align:left&#8221;][vc_custom_heading text=&#8221;Demostremos esto:&#8221; font_container=&#8221;tag:h3|text_align:left&#8221;][vc_single_image image=&#8221;676&#8243; img_size=&#8221;large&#8221; add_caption=&#8221;yes&#8221; alignment=&#8221;center&#8221; style=&#8221;vc_box_rounded&#8221; onclick=&#8221;link_image&#8221;][\/vc_column][\/vc_row][vc_row ct_row_stretch=&#8221;&#8221;][vc_column][vc_custom_heading text=&#8221;Comprobaci\u00f3n de cantidad &#8211; calidad&#8221; font_container=&#8221;tag:h4|text_align:left&#8221;][vc_single_image image=&#8221;677&#8243; img_size=&#8221;large&#8221; add_caption=&#8221;yes&#8221; alignment=&#8221;center&#8221; style=&#8221;vc_box_rounded&#8221; onclick=&#8221;link_image&#8221;][vc_custom_heading text=&#8221;Comparing agencies&#8221; font_container=&#8221;tag:h3|text_align:left&#8221;][vc_custom_heading text=&#8221;\u00bfQu\u00e9 hay de comparar estad\u00edsticas con otros?&#8221; font_container=&#8221;tag:h3|text_align:left&#8221;][\/vc_column][\/vc_row]\t\t<\/div>\n\t\t\t<\/div>\n\n\t<\/div>\n<\/div>\n<div id=\"post-670\" class=\"crane-blog-grid-item post-670 post type-post status-publish format-standard has-post-thumbnail hentry category-introduccion tag-analisis tag-analisis-de-microstock tag-analizar tag-aplicacion tag-aplicacion-de-escritorio tag-blog tag-estadisticas tag-herramienta tag-microstock tag-varias-agencias\">\n\t<div class=\"crane-blog-grid-item-wrapper\">\n\n\t\t\t\t\t<div class=\"crane-blog-grid-item-placeholder\" style=\"background-image: url('https:\/\/pangamediaanalytics.com\/es\/wp-content\/uploads\/sites\/3\/2023\/05\/blog_introduction_featured.png');\">\n\t\t\t\t<a href=\"https:\/\/pangamediaanalytics.com\/es\/aplicacion-panga-media-analytics-una-introduccion-de-microstock-analitica-blog\/\"><\/a>\n\t\t\t<\/div>\n\t\t\t\n\t\t\t<div class=\"crane-blog-grid-meta\">\n\t\t<h4 class=\"crane-blog-grid-meta__title\"><a href=\"https:\/\/pangamediaanalytics.com\/es\/aplicacion-panga-media-analytics-una-introduccion-de-microstock-analitica-blog\/\" rel=\"bookmark\"  class=\"blog-masonry__item__title\">Panga Media Analytics \u2013 una Microstock Anal\u00edtica blog<\/a><\/h4>\t\t<div class=\"crane-blog-grid-meta__excerpt\">\n\t\t\t[vc_row ct_row_stretch=&#8221;&#8221;][vc_column][vc_single_image image=&#8221;671&#8243; img_size=&#8221;large&#8221; add_caption=&#8221;yes&#8221; alignment=&#8221;center&#8221; style=&#8221;vc_box_rounded&#8221; onclick=&#8221;link_image&#8221; css_animation=&#8221;bounceIn&#8221;][\/vc_column][\/vc_row][vc_row ct_row_stretch=&#8221;&#8221;][vc_column][\/vc_column][\/vc_row]\t\t<\/div>\n\t\t\t<\/div>\n\n\t<\/div>\n<\/div>\n<\/div><\/div>[\/vc_column][\/vc_row]\n","protected":false},"excerpt":{"rendered":"<p>[vc_row ct_row_stretch=&#8221;&#8221;][vc_column][\/vc_column][\/vc_row]<\/p>\n","protected":false},"author":1,"featured_media":0,"parent":0,"menu_order":0,"comment_status":"closed","ping_status":"closed","template":"","meta":{"footnotes":""},"yoast_head":"<!-- This site is optimized with the Yoast SEO plugin v21.6 - https:\/\/yoast.com\/wordpress\/plugins\/seo\/ -->\n<title>blog-es - pangamediaanalytics ES<\/title>\n<meta name=\"robots\" content=\"index, follow, max-snippet:-1, max-image-preview:large, max-video-preview:-1\" \/>\n<link rel=\"canonical\" href=\"https:\/\/pangamediaanalytics.com\/es\/blog-es\/\" \/>\n<meta property=\"og:locale\" content=\"es_ES\" \/>\n<meta property=\"og:type\" content=\"article\" \/>\n<meta property=\"og:title\" content=\"blog-es - pangamediaanalytics ES\" \/>\n<meta property=\"og:description\" content=\"[vc_row ct_row_stretch=&#8221;&#8221;][vc_column][\/vc_column][\/vc_row]\" \/>\n<meta property=\"og:url\" content=\"https:\/\/pangamediaanalytics.com\/es\/blog-es\/\" \/>\n<meta property=\"og:site_name\" content=\"pangamediaanalytics ES\" \/>\n<meta property=\"article:modified_time\" content=\"2023-05-25T23:35:58+00:00\" \/>\n<meta name=\"twitter:card\" content=\"summary_large_image\" \/>\n<meta name=\"twitter:label1\" content=\"Tiempo de lectura\" \/>\n\t<meta name=\"twitter:data1\" content=\"1 minuto\" \/>\n<script type=\"application\/ld+json\" class=\"yoast-schema-graph\">{\"@context\":\"https:\/\/schema.org\",\"@graph\":[{\"@type\":\"WebPage\",\"@id\":\"https:\/\/pangamediaanalytics.com\/es\/blog-es\/\",\"url\":\"https:\/\/pangamediaanalytics.com\/es\/blog-es\/\",\"name\":\"blog-es - pangamediaanalytics ES\",\"isPartOf\":{\"@id\":\"https:\/\/pangamediaanalytics.com\/es\/#website\"},\"datePublished\":\"2023-05-01T01:16:38+00:00\",\"dateModified\":\"2023-05-25T23:35:58+00:00\",\"breadcrumb\":{\"@id\":\"https:\/\/pangamediaanalytics.com\/es\/blog-es\/#breadcrumb\"},\"inLanguage\":\"es\",\"potentialAction\":[{\"@type\":\"ReadAction\",\"target\":[\"https:\/\/pangamediaanalytics.com\/es\/blog-es\/\"]}]},{\"@type\":\"BreadcrumbList\",\"@id\":\"https:\/\/pangamediaanalytics.com\/es\/blog-es\/#breadcrumb\",\"itemListElement\":[{\"@type\":\"ListItem\",\"position\":1,\"name\":\"Home\",\"item\":\"https:\/\/pangamediaanalytics.com\/es\/\"},{\"@type\":\"ListItem\",\"position\":2,\"name\":\"blog-es\"}]},{\"@type\":\"WebSite\",\"@id\":\"https:\/\/pangamediaanalytics.com\/es\/#website\",\"url\":\"https:\/\/pangamediaanalytics.com\/es\/\",\"name\":\"pangamediaanalytics\",\"description\":\"para seguir tu ganancias de microstock\",\"publisher\":{\"@id\":\"https:\/\/pangamediaanalytics.com\/es\/#organization\"},\"potentialAction\":[{\"@type\":\"SearchAction\",\"target\":{\"@type\":\"EntryPoint\",\"urlTemplate\":\"https:\/\/pangamediaanalytics.com\/es\/?s={search_term_string}\"},\"query-input\":\"required name=search_term_string\"}],\"inLanguage\":\"es\"},{\"@type\":\"Organization\",\"@id\":\"https:\/\/pangamediaanalytics.com\/es\/#organization\",\"name\":\"pangamediaanalytics\",\"url\":\"https:\/\/pangamediaanalytics.com\/es\/\",\"logo\":{\"@type\":\"ImageObject\",\"inLanguage\":\"es\",\"@id\":\"https:\/\/pangamediaanalytics.com\/es\/#\/schema\/logo\/image\/\",\"url\":\"https:\/\/pangamediaanalytics.com\/es\/wp-content\/uploads\/sites\/3\/2023\/04\/icon.png\",\"contentUrl\":\"https:\/\/pangamediaanalytics.com\/es\/wp-content\/uploads\/sites\/3\/2023\/04\/icon.png\",\"width\":1000,\"height\":1000,\"caption\":\"pangamediaanalytics\"},\"image\":{\"@id\":\"https:\/\/pangamediaanalytics.com\/es\/#\/schema\/logo\/image\/\"}}]}<\/script>\n<!-- \/ Yoast SEO plugin. -->","yoast_head_json":{"title":"blog-es - pangamediaanalytics ES","robots":{"index":"index","follow":"follow","max-snippet":"max-snippet:-1","max-image-preview":"max-image-preview:large","max-video-preview":"max-video-preview:-1"},"canonical":"https:\/\/pangamediaanalytics.com\/es\/blog-es\/","og_locale":"es_ES","og_type":"article","og_title":"blog-es - pangamediaanalytics ES","og_description":"[vc_row ct_row_stretch=&#8221;&#8221;][vc_column][\/vc_column][\/vc_row]","og_url":"https:\/\/pangamediaanalytics.com\/es\/blog-es\/","og_site_name":"pangamediaanalytics ES","article_modified_time":"2023-05-25T23:35:58+00:00","twitter_card":"summary_large_image","twitter_misc":{"Tiempo de lectura":"1 minuto"},"schema":{"@context":"https:\/\/schema.org","@graph":[{"@type":"WebPage","@id":"https:\/\/pangamediaanalytics.com\/es\/blog-es\/","url":"https:\/\/pangamediaanalytics.com\/es\/blog-es\/","name":"blog-es - pangamediaanalytics ES","isPartOf":{"@id":"https:\/\/pangamediaanalytics.com\/es\/#website"},"datePublished":"2023-05-01T01:16:38+00:00","dateModified":"2023-05-25T23:35:58+00:00","breadcrumb":{"@id":"https:\/\/pangamediaanalytics.com\/es\/blog-es\/#breadcrumb"},"inLanguage":"es","potentialAction":[{"@type":"ReadAction","target":["https:\/\/pangamediaanalytics.com\/es\/blog-es\/"]}]},{"@type":"BreadcrumbList","@id":"https:\/\/pangamediaanalytics.com\/es\/blog-es\/#breadcrumb","itemListElement":[{"@type":"ListItem","position":1,"name":"Home","item":"https:\/\/pangamediaanalytics.com\/es\/"},{"@type":"ListItem","position":2,"name":"blog-es"}]},{"@type":"WebSite","@id":"https:\/\/pangamediaanalytics.com\/es\/#website","url":"https:\/\/pangamediaanalytics.com\/es\/","name":"pangamediaanalytics","description":"para seguir tu ganancias de microstock","publisher":{"@id":"https:\/\/pangamediaanalytics.com\/es\/#organization"},"potentialAction":[{"@type":"SearchAction","target":{"@type":"EntryPoint","urlTemplate":"https:\/\/pangamediaanalytics.com\/es\/?s={search_term_string}"},"query-input":"required name=search_term_string"}],"inLanguage":"es"},{"@type":"Organization","@id":"https:\/\/pangamediaanalytics.com\/es\/#organization","name":"pangamediaanalytics","url":"https:\/\/pangamediaanalytics.com\/es\/","logo":{"@type":"ImageObject","inLanguage":"es","@id":"https:\/\/pangamediaanalytics.com\/es\/#\/schema\/logo\/image\/","url":"https:\/\/pangamediaanalytics.com\/es\/wp-content\/uploads\/sites\/3\/2023\/04\/icon.png","contentUrl":"https:\/\/pangamediaanalytics.com\/es\/wp-content\/uploads\/sites\/3\/2023\/04\/icon.png","width":1000,"height":1000,"caption":"pangamediaanalytics"},"image":{"@id":"https:\/\/pangamediaanalytics.com\/es\/#\/schema\/logo\/image\/"}}]}},"_links":{"self":[{"href":"https:\/\/pangamediaanalytics.com\/es\/wp-json\/wp\/v2\/pages\/666"}],"collection":[{"href":"https:\/\/pangamediaanalytics.com\/es\/wp-json\/wp\/v2\/pages"}],"about":[{"href":"https:\/\/pangamediaanalytics.com\/es\/wp-json\/wp\/v2\/types\/page"}],"author":[{"embeddable":true,"href":"https:\/\/pangamediaanalytics.com\/es\/wp-json\/wp\/v2\/users\/1"}],"replies":[{"embeddable":true,"href":"https:\/\/pangamediaanalytics.com\/es\/wp-json\/wp\/v2\/comments?post=666"}],"version-history":[{"count":3,"href":"https:\/\/pangamediaanalytics.com\/es\/wp-json\/wp\/v2\/pages\/666\/revisions"}],"predecessor-version":[{"id":722,"href":"https:\/\/pangamediaanalytics.com\/es\/wp-json\/wp\/v2\/pages\/666\/revisions\/722"}],"wp:attachment":[{"href":"https:\/\/pangamediaanalytics.com\/es\/wp-json\/wp\/v2\/media?parent=666"}],"curies":[{"name":"wp","href":"https:\/\/api.w.org\/{rel}","templated":true}]}}